{"id":3,"date":"2026-05-04T16:07:21","date_gmt":"2026-05-04T16:07:21","guid":{"rendered":"https:\/\/blueboxnew.endesarrolloweb.com\/?page_id=3"},"modified":"2026-05-05T15:34:24","modified_gmt":"2026-05-05T15:34:24","slug":"politica-de-privacidad","status":"publish","type":"page","link":"https:\/\/blueboxnew.endesarrolloweb.com\/?page_id=3","title":{"rendered":"Politica de privacidad"},"content":{"rendered":"\t\t<div data-elementor-type=\"wp-page\" data-elementor-id=\"3\" class=\"elementor elementor-3\">\n\t\t\t\t<div class=\"elementor-element elementor-element-1d9093ad e-flex e-con-boxed e-con e-parent\" data-id=\"1d9093ad\" data-element_type=\"container\" data-e-type=\"container\">\n\t\t\t\t\t<div class=\"e-con-inner\">\n\t\t\t\t<div class=\"elementor-element elementor-element-4e6d3c3e elementor-widget elementor-widget-text-editor\" data-id=\"4e6d3c3e\" data-element_type=\"widget\" data-e-type=\"widget\" data-widget_type=\"text-editor.default\">\n\t\t\t\t\t\t\t\t\t<h1>Pol\u00edtica de Privacidad<\/h1>\n<h2>Introducci\u00f3n<\/h2>\n<p>Su privacidad es importante para nosotros, as\u00ed que mediante este documento le explicamos qu\u00e9 datos recopilamos de los usuarios, como los utilizamos y para qu\u00e9, entre otras indicaciones.<\/p>\n<p>BlueBox s\u00f3lo presta servicios a empresas y aut\u00f3nomos, no a particulares. El objeto de esta p\u00e1gina web no es por tanto ni el espionaje ni el rastreo de usuarios individuales de manera directa o indirecta.<\/p>\n<p>No obstante, se indica a continuaci\u00f3n la pol\u00edtica general de privacidad con los datos que nos facilite.<\/p>\n<p>Para su informaci\u00f3n, nunca se solicita m\u00e1s informaci\u00f3n de la que realmente se necesita para los servicios requeridos; la informaci\u00f3n se podr\u00e1 compartir con los fabricantes de los productos que vendemos o con revendedores nuestros con el fin de poder prestar el servicio solicitado de manera adecuada. La informaci\u00f3n nunca se comparte con terceros ajenos al desarrollo de nuestra actividad, excepto por mandato judicial o con su autorizaci\u00f3n previa; y nunca se utilizar\u00e1n sus datos para otra finalidad que la indicada previamente.<\/p>\n<p>Como usuario, deber\u00e1 leer atentamente esta pol\u00edtica de privacidad de manera regular, y siempre que introduzcas sus datos personales, ya que este documento puede sufrir modificaciones pues el prestador puede modificar cualquier tipo de informaci\u00f3n que pudiera aparecer en la web siempre para cumplir con la normativa, sin que exista la obligaci\u00f3n de preaviso o puesta en conocimiento de los usuarios.<\/p>\n<h2>Responsable del Tratamiento<\/h2>\n<ul>\n<li><strong>Identidad:<\/strong> BlueBox<\/li>\n<li><strong>NIF:<\/strong> [nif]<\/li>\n<li><strong>Direcci\u00f3n postal:<\/strong> [direccion]<\/li>\n<li><strong>Correo electr\u00f3nico:<\/strong> <a href=\"mailto:info@bluebox.com\">info@bluebox.com<\/a><\/li>\n<\/ul>\n<p>BlueBox, como responsable del sitio web, de conformidad con lo dispuesto en el <a href=\"https:\/\/eur-lex.europa.eu\/eli\/reg\/2016\/679\/oj\" target=\"_blank\" rel=\"noopener noreferrer\">Reglamento (UE) 2016\/679 de 27 de abril de 2016 (RGPD)<\/a> relativo a la protecci\u00f3n de las personas f\u00edsicas en lo que respecta al tratamiento de datos personales y a la libre circulaci\u00f3n de estos datos y dem\u00e1s normativa vigente en materia de protecci\u00f3n de datos personales, y por la <a href=\"https:\/\/www.boe.es\/eli\/es\/l\/2002\/07\/11\/34\/con\" target=\"_blank\" rel=\"noopener noreferrer\">Ley 34\/2002, de 11 de julio, de Servicios de la Sociedad de la Informaci\u00f3n y del Comercio Electr\u00f3nico (LSSICE)<\/a>, le informa que tiene implementadas las medidas de seguridad necesarias, de \u00edndole t\u00e9cnica y organizativas, para garantizar y proteger la confidencialidad, integridad y disponibilidad de los datos introducidos.<\/p>\n<h2>M\u00e9todo de Obtenci\u00f3n de los Datos y Datos que Recopilamos<\/h2>\n<p>Aparte de la informaci\u00f3n an\u00f3nima, para determinadas acciones del sitio se requiere cierta informaci\u00f3n adicional con el objeto de poder ponernos en contacto con usted y con su empresa.<\/p>\n<p>Dicha informaci\u00f3n consiste b\u00e1sicamente en:<\/p>\n<ul>\n<li>Nombre<\/li>\n<li>Direcci\u00f3n de email<\/li>\n<li>Tel\u00e9fono<\/li>\n<li><em>(Optativamente)<\/em> Nombre de la empresa y direcci\u00f3n de contacto<\/li>\n<\/ul>\n<p>Estos datos adicionales se solicitan \u00fanicamente cuando se descarga una versi\u00f3n de evaluaci\u00f3n de nuestros productos, o bien cuando se emplea el formulario de contacto para hacernos llegar alg\u00fan comentario o consulta.<\/p>\n<p>Adicionalmente, cuando se completa una compra se solicitar\u00e1n los datos necesarios para poder emitir la factura.<\/p>\n<h2>Finalidad del Tratamiento<\/h2>\n<p>Los datos recabados a trav\u00e9s de esta web podr\u00e1n ser utilizados tanto por BlueBox como por los diferentes fabricantes de los productos que vendemos y sus distribuidores y revendedores en determinadas regiones con el \u00fanico fin antes descrito de contactar con las personas interesadas en los productos distribuidos, as\u00ed como para mantenerlas informadas de novedades, promociones o productos relacionados que pudieran ser de su inter\u00e9s.<\/p>\n<p>Estos datos no ser\u00e1n vendidos ni cedidos a terceros ajenos a nuestra actividad, ni se usar\u00e1n para otros fines distintos de los mencionados.<\/p>\n<p>Sus datos personales s\u00f3lo se utilizar\u00e1n para las siguientes finalidades, prestando su consentimiento para cada una de ellas en el apartado correspondiente de la web:<\/p>\n<ul>\n<li><strong>Formulario de contacto:<\/strong> Para responder a las consultas y\/o proporcionar informaciones requeridas por el Usuario.<\/li>\n<li><strong>An\u00e1lisis de usabilidad:<\/strong> Realizaci\u00f3n de an\u00e1lisis de perfiles y de usabilidad de la web, a trav\u00e9s de las cookies (mencionadas en la pol\u00edtica de cookies) o Redes sociales. En el apartado correspondiente se especifica el uso de las redes sociales.<\/li>\n<\/ul>\n<p><strong>Uso de Fotograf\u00edas:<\/strong> Las fotograf\u00edas que est\u00e9n colgadas en la web son propiedad de BlueBox; no se utilizar\u00e1n im\u00e1genes que muestren menores.<\/p>\n<p>Puede revocar en cualquier momento su consentimiento remitiendo un escrito con el asunto \u00abBaja\u00bb en el mail rese\u00f1ado.<\/p>\n<p>De acuerdo con la LSSICE, BlueBox no realiza pr\u00e1cticas de SPAM, por lo tanto, el usuario tiene la posibilidad de cancelar su consentimiento expreso para recibir nuestras comunicaciones.<\/p>\n<p>No trataremos sus datos personales para ninguna otra finalidad de las descritas salvo por obligaci\u00f3n legal o requerimiento judicial.<\/p>\n<h2>Legitimaci\u00f3n del Tratamiento<\/h2>\n<p>La base legal para el tratamiento de los datos es su consentimiento otorgado en el momento de dar sus datos en el formulario correspondiente con la marcaci\u00f3n de la casilla de verificaci\u00f3n.<\/p>\n<p>El no facilitar los datos personales solicitados o el no aceptar la presente pol\u00edtica de privacidad supone la imposibilidad de conseguir las finalidades anteriormente descritas.<\/p>\n<p>En los casos en que haya una previa relaci\u00f3n contractual entre las partes, la legitimaci\u00f3n para el desarrollo de las obligaciones administrativas, fiscales y contables que sean necesarias en virtud de la legislaci\u00f3n vigente ser\u00e1 la existencia previa de la relaci\u00f3n comercial establecida entre las partes.<\/p>\n<h2>Plazo de Conservaci\u00f3n de los Datos<\/h2>\n<p>Sus datos se conservar\u00e1n mientras dure la relaci\u00f3n comercial con nosotros si no se ejerce el derecho de cancelaci\u00f3n, oposici\u00f3n o revocaci\u00f3n del consentimiento. Aun habiendo ejercido los derechos de forma correcta, se conservar\u00e1n debidamente bloqueados sus datos mientras duren los plazos legalmente previstos.<\/p>\n<h2>Destinatarios de Cesiones o Transferencias<\/h2>\n<p>BlueBox no lleva a cabo ninguna cesi\u00f3n o comunicaci\u00f3n de datos ni dentro ni fuera de la UE a excepci\u00f3n de la cesi\u00f3n a los fabricantes de los productos que vendemos. El prestador \u00fanicamente facilitar\u00e1 informaci\u00f3n a las fuerzas y cuerpos de seguridad bajo orden judicial o por obligaci\u00f3n de una norma legal, sin perjuicio de poder bloquear o cancelar la cuenta, si puede haber indicios de la comisi\u00f3n de alg\u00fan delito por parte del usuario. La informaci\u00f3n facilitada ser\u00e1 solo la que disponga en ese momento el prestador.<\/p>\n<p>La informaci\u00f3n que nos proporcione a trav\u00e9s de este sitio web ser\u00e1 alojada en los servidores de BlueBox, contratados a la empresa que presta el servicio de alojamiento de la web. El tratamiento de los datos de la entidad se encuentra regulado mediante un contrato de encargado del tratamiento entre el prestador y esta empresa.<\/p>\n<h2>Derechos de los Interesados<\/h2>\n<p>Como usuario-interesado, puede solicitar el ejercicio de los siguientes derechos ante BlueBox presentando un escrito a la direcci\u00f3n postal del encabezamiento o enviando un correo electr\u00f3nico a <a href=\"mailto:info@bluebox.com\">info@bluebox.com<\/a>, indicando como Asunto: \u201cPROTECCI\u00d3N DE DATOS: EJERCICIO DERECHOS\u201d, y adjuntando la documentaci\u00f3n que requiera la ley.<\/p>\n<p><strong>Sus derechos son los siguientes:<\/strong><\/p>\n<ul>\n<li><strong>Derecho de acceso:<\/strong> Permite al interesado conocer y obtener informaci\u00f3n sobre sus datos de car\u00e1cter personal sometidos a tratamiento.<\/li>\n<li><strong>Derecho de rectificaci\u00f3n o supresi\u00f3n:<\/strong> Permite corregir errores y modificar los datos que resulten ser inexactos o incompletos.<\/li>\n<li><strong>Derecho de cancelaci\u00f3n:<\/strong> Permite que se supriman los datos que resulten ser inadecuados o excesivos.<\/li>\n<li><strong>Derecho de oposici\u00f3n:<\/strong> Derecho del interesado a que no se lleve a cabo el tratamiento de sus datos de car\u00e1cter personal o se cese en el mismo.<\/li>\n<li><strong>Limitaci\u00f3n del tratamiento:<\/strong> Conlleva el marcado de los datos personales conservados, con la finalidad de limitar su futuro tratamiento.<\/li>\n<li><strong>Portabilidad de los datos:<\/strong> Facilitaci\u00f3n de los datos objeto de tratamiento al interesado, a fin de que \u00e9ste pueda transmitirlos a otro responsable, sin impedimentos.<\/li>\n<li><strong>Derecho a no ser objeto de decisiones individuales automatizadas (incluida la elaboraci\u00f3n de perfiles):<\/strong> Derecho a no ser objeto de una decisi\u00f3n basada en el tratamiento automatizado que produzca efectos o afecte significativamente.<\/li>\n<\/ul>\n<p>Como usuario, tiene derecho a retirar el consentimiento prestado en cualquier momento. La retirada del consentimiento no afectar\u00e1 a la licitud del tratamiento efectuado antes de la retirada del consentimiento.<\/p>\n<p>Tambi\u00e9n tiene derecho a presentar una reclamaci\u00f3n ante la autoridad de control si considera que pueden haberse visto vulnerados sus derechos con relaci\u00f3n a la protecci\u00f3n de sus datos (<a href=\"https:\/\/www.aepd.es\" target=\"_blank\" rel=\"noopener noreferrer\">www.aepd.es<\/a>).<\/p>\n<h2>Informaci\u00f3n Adicional<\/h2>\n<h3>Medidas de Seguridad<\/h3>\n<p>Los datos que nos facilite se tratar\u00e1n de forma confidencial. El Prestador ha adoptado todas las medidas t\u00e9cnicas y organizativas y todos los niveles de protecci\u00f3n necesarios para garantizar la seguridad en el tratamiento de los datos y evitar su alteraci\u00f3n, p\u00e9rdida, robo, tratamiento o acceso no autorizado, de acuerdo el estado de la tecnolog\u00eda y naturaleza de los datos almacenados. As\u00ed mismo, se garantiza tambi\u00e9n que el tratamiento y registro en ficheros, programas, sistemas o equipos, locales y centros cumplen con los requisitos y condiciones de integridad y seguridad establecidas en la normativa vigente.<\/p>\n<h3>Idioma<\/h3>\n<p>El idioma aplicable a esta Pol\u00edtica de Privacidad es el espa\u00f1ol de Espa\u00f1a. Por tanto, en caso de que hubiera alguna contradicci\u00f3n en alguna de las versiones facilitadas en otros idiomas, prevalecer\u00e1 la versi\u00f3n en espa\u00f1ol.<\/p>\n<h3>An\u00e1lisis de Perfiles<\/h3>\n<p>La informaci\u00f3n facilitada en los diferentes formularios, durante la interacci\u00f3n con la web y cualquier otro dato facilitado durante la navegaci\u00f3n, incluyendo la informaci\u00f3n suministrada por las cookies en relaci\u00f3n a los h\u00e1bitos de navegaci\u00f3n, conlleva la aceptaci\u00f3n al tratamiento de estos datos, a fin de ser segmentados o categorizados con el fin de aplicarlos a la actividad relacionada con:<\/p>\n<ul>\n<li>Gesti\u00f3n de administraci\u00f3n general e informaci\u00f3n.<\/li>\n<li>Comercializaci\u00f3n de espacios publicitarios.<\/li>\n<li>Elaborar perfiles y an\u00e1lisis de propuestas solicitadas por los usuarios \/ clientes.<\/li>\n<li>Estudio estad\u00edstico de los servicios y contenidos utilizados, gustos y preferencias, encuestas o formularios.<\/li>\n<\/ul>\n<p>Los datos utilizados en la elaboraci\u00f3n de estos perfiles no son datos que permitan identificar a los usuarios, sino que s\u00f3lo muestran en una gr\u00e1fica el tipo de p\u00fablico que interact\u00faa con la web, edad, pa\u00eds, g\u00e9nero, etc. El usuario que acceda a esta web, consiente expl\u00edcitamente la utilizaci\u00f3n de esta informaci\u00f3n gen\u00e9rica para tareas de elaboraci\u00f3n de perfiles, segmentaci\u00f3n y categorizaci\u00f3n de datos para las finalidades descritas en el apartado anterior.<\/p>\n<h3>Redes Sociales<\/h3>\n<p>Le informamos que BlueBox puede tener presencia en redes sociales. El tratamiento de los datos que se lleve a cabo de las personas que se hagan seguidoras en las redes sociales (y \/ o realicen cualquier v\u00ednculo o acci\u00f3n de conexi\u00f3n a trav\u00e9s de las redes sociales) de las p\u00e1ginas oficiales de BlueBox se regir\u00e1 por este apartado, as\u00ed como para aquellas condiciones de uso, pol\u00edticas de privacidad y normativas de acceso que pertenezcan a la red social que proceda en cada caso y aceptadas previamente por el usuario.<\/p>\n<p>BlueBox tratar\u00e1 sus datos con las finalidades de administrar correctamente su presencia en la red social, informando de actividades, productos o servicios del prestador, as\u00ed\u0301 como para cualquier otra finalidad que las normativas de las Redes Sociales permitan.<\/p>\n<p><strong>Queda prohibida la publicaci\u00f3n de contenidos:<\/strong><\/p>\n<ul>\n<li>Que sean presuntamente il\u00edcitos por la normativa nacional, comunitaria o internacional o que realicen actividades presuntamente il\u00edcitas o contravengan los principios de la buena fe.<\/li>\n<li>Que atenten contra los derechos fundamentales de las personas, falten a la cortes\u00eda en la red, molesten o puedan generar opiniones negativas en nuestros usuarios o terceros y en general cualesquiera sean los contenidos que BlueBox considere inapropiados.<\/li>\n<li>Y en general que contravengan los principios de legalidad, honradez, responsabilidad, protecci\u00f3n de la dignidad humana, protecci\u00f3n de menores, protecci\u00f3n del orden p\u00fablico, la protecci\u00f3n de la vida privada, la protecci\u00f3n del consumidor y los derechos de propiedad intelectual e industrial.<\/li>\n<\/ul>\n<p>Asimismo, BlueBox se reserva la potestad de retirar, sin previo aviso del sitio web o de la red social corporativa aquellos contenidos que se consideran inadecuados.<\/p>\n<p>En todo caso, si Ud. remite informaci\u00f3n personal a trav\u00e9s de la red social, BlueBox quedar\u00e1 exenta de responsabilidad en relaci\u00f3n con las medidas de seguridad aplicables a la presente plataforma y el usuario, en caso de querer conocerlas, debe consultar las correspondientes condiciones particulares de la red en cuesti\u00f3n.<\/p>\n<h2>Cambios en la Presente Pol\u00edtica de Privacidad<\/h2>\n<p>BlueBox se reserva el derecho a modificar la presente pol\u00edtica para adaptarla a novedades legislativas o jurisprudenciales.<\/p>\n<h2>Revocabilidad<\/h2>\n<p>El consentimiento prestado, tanto por el tratamiento como para la cesi\u00f3n de los datos de los interesados, es revocable en cualquier momento comunic\u00e1ndolo a BlueBox en los t\u00e9rminos establecidos en esta Pol\u00edtica para el ejercicio de los derechos. Esta revocaci\u00f3n en ning\u00fan caso tendr\u00e1 car\u00e1cter retroactivo.<\/p>\n<h2>Legislaci\u00f3n<\/h2>\n<p>Con car\u00e1cter general las relaciones entre BlueBox con los Usuarios de sus servicios telem\u00e1ticos, presentes en esta web, est\u00e1n sometidos a la legislaci\u00f3n y jurisdicci\u00f3n espa\u00f1ola a la que se someten expresamente las partes, siendo competentes para la resoluci\u00f3n de todos los conflictos derivados o relacionados con su uso los Juzgados y Tribunales de Madrid.<\/p>\t\t\t\t\t\t\t\t<\/div>\n\t\t\t\t\t<\/div>\n\t\t\t\t<\/div>\n\t\t\t\t<\/div>\n\t\t","protected":false},"excerpt":{"rendered":"<p>Pol\u00edtica de Privacidad Introducci\u00f3n Su privacidad es importante para nosotros, as\u00ed que mediante este documento le explicamos qu\u00e9 datos recopilamos de los usuarios, como los utilizamos y para qu\u00e9, entre otras indicaciones. BlueBox s\u00f3lo presta servicios a empresas y aut\u00f3nomos, no a particulares. El objeto de esta p\u00e1gina web no es por tanto ni el [&hellip;]<\/p>\n","protected":false},"author":1,"featured_media":0,"parent":0,"menu_order":0,"comment_status":"closed","ping_status":"closed","template":"","meta":{"footnotes":""},"class_list":["post-3","page","type-page","status-publish","hentry"],"_links":{"self":[{"href":"https:\/\/blueboxnew.endesarrolloweb.com\/index.php?rest_route=\/wp\/v2\/pages\/3","targetHints":{"allow":["GET"]}}],"collection":[{"href":"https:\/\/blueboxnew.endesarrolloweb.com\/index.php?rest_route=\/wp\/v2\/pages"}],"about":[{"href":"https:\/\/blueboxnew.endesarrolloweb.com\/index.php?rest_route=\/wp\/v2\/types\/page"}],"author":[{"embeddable":true,"href":"https:\/\/blueboxnew.endesarrolloweb.com\/index.php?rest_route=\/wp\/v2\/users\/1"}],"replies":[{"embeddable":true,"href":"https:\/\/blueboxnew.endesarrolloweb.com\/index.php?rest_route=%2Fwp%2Fv2%2Fcomments&post=3"}],"version-history":[{"count":4,"href":"https:\/\/blueboxnew.endesarrolloweb.com\/index.php?rest_route=\/wp\/v2\/pages\/3\/revisions"}],"predecessor-version":[{"id":628,"href":"https:\/\/blueboxnew.endesarrolloweb.com\/index.php?rest_route=\/wp\/v2\/pages\/3\/revisions\/628"}],"wp:attachment":[{"href":"https:\/\/blueboxnew.endesarrolloweb.com\/index.php?rest_route=%2Fwp%2Fv2%2Fmedia&parent=3"}],"curies":[{"name":"wp","href":"https:\/\/api.w.org\/{rel}","templated":true}]}}