{"id":634,"date":"2026-05-05T15:45:53","date_gmt":"2026-05-05T15:45:53","guid":{"rendered":"https:\/\/blueboxnew.endesarrolloweb.com\/?page_id=634"},"modified":"2026-05-05T15:47:03","modified_gmt":"2026-05-05T15:47:03","slug":"declaracion-de-accesibilidad","status":"publish","type":"page","link":"https:\/\/blueboxnew.endesarrolloweb.com\/?page_id=634","title":{"rendered":"Declaraci\u00f3n de accesibilidad"},"content":{"rendered":"\t\t<div data-elementor-type=\"wp-page\" data-elementor-id=\"634\" class=\"elementor elementor-634\">\n\t\t\t\t<div class=\"elementor-element elementor-element-3201b30b e-flex e-con-boxed e-con e-parent\" data-id=\"3201b30b\" data-element_type=\"container\" data-e-type=\"container\">\n\t\t\t\t\t<div class=\"e-con-inner\">\n\t\t\t\t<div class=\"elementor-element elementor-element-71061c44 elementor-widget elementor-widget-text-editor\" data-id=\"71061c44\" data-element_type=\"widget\" data-e-type=\"widget\" data-widget_type=\"text-editor.default\">\n\t\t\t\t\t\t\t\t\t<h2>Declaraci\u00f3n de Accesibilidad<\/h2>\n\n<p>BlueBox se compromete en hacer accesible su sitio web de conformidad con el <a href=\"https:\/\/www.boe.es\/eli\/es\/rd\/2018\/09\/07\/1112\" target=\"_blank\" rel=\"noopener noreferrer\">Real Decreto 1112\/2018<\/a>, sobre accesibilidad de los sitios webs y aplicaciones para dispositivos m\u00f3viles del sector p\u00fablico.<\/p>\n\n<p>La presente declaraci\u00f3n de accesibilidad se aplica al sitio web de BlueBox.<\/p>\n\n<h3>Situaci\u00f3n de cumplimiento<\/h3>\n<p>Este sitio web es parcialmente conforme con el RD 1112\/2018 debido a la falta de conformidad de los aspectos que se indican a continuaci\u00f3n.<\/p>\n\n<h3>Falta de conformidad con el RD 1112\/2018<\/h3>\n<ul>\n    <li>Se pueden encontrar im\u00e1genes sin que acompa\u00f1e texto explicativo.<\/li>\n    <li>Se puede encontrar a\u00fan anidamientos incorrectos de etiquetas HTML.<\/li>\n<\/ul>\n\n<h3>Carga desproporcionada<\/h3>\n<p>No aplica.<\/p>\n\n<h3>El contenido no entra dentro del \u00e1mbito de la legislaci\u00f3n aplicable<\/h3>\n<p>Podr\u00edan existir archivos ofim\u00e1ticos en PDF u otros formatos publicados despu\u00e9s del 10 de febrero de 2026 que no cumplan en su totalidad todos los requisitos de accesibilidad. Aunque a la fecha de la declaraci\u00f3n no hay ning\u00fan archivo presente en la web.<\/p>\n\n<h3>Preparaci\u00f3n para la siguiente declaraci\u00f3n de accesibilidad<\/h3>\n<p>La presente declaraci\u00f3n fue preparada el 10 de febrero de 2026.<\/p>\n<p>El m\u00e9todo empleado para preparar la declaraci\u00f3n ha sido una autoevaluaci\u00f3n llevada a cabo por el equipo de accesibilidad.<\/p>\n<p>\u00daltima revisi\u00f3n de la declaraci\u00f3n: 10 de febrero de 2026.<\/p>\n\n<h3>Observaciones y datos de contacto<\/h3>\n<p>Puede realizar comunicaciones sobre requisitos de accesibilidad (art\u00edculo 10.2.a) del RD 1112\/2018) como por ejemplo:<\/p>\n<ul>\n    <li>Informar sobre cualquier posible incumplimiento por parte de este sitio web.<\/li>\n    <li>Transmitir otras dificultades de acceso al contenido.<\/li>\n    <li>Formular cualquier otra consulta o sugerencia de mejora relativa a la accesibilidad del sitio web.<\/li>\n<\/ul>\n<p>A trav\u00e9s de nuestro buz\u00f3n de sugerencias: <a href=\"mailto:info@bluebox.com\">info@bluebox.com<\/a><\/p>\n<p>Las comunicaciones ser\u00e1n recibidas y tratadas por el equipo de Accesibilidad.<\/p>\n\n<h3>Contenido opcional<\/h3>\n<p>Entre otras medidas se adopta la implementaci\u00f3n del plugin One Click Accessibility, con las siguientes utilidades para facilitar la accesibilidad:<\/p>\n<ul>\n    <li><strong>Aumentar texto:<\/strong> Proporcionar una opci\u00f3n para que los usuarios puedan aumentar el tama\u00f1o del texto para que sea m\u00e1s legible.<\/li>\n    <li><strong>Disminuir texto:<\/strong> Ofrecer la posibilidad de reducir el tama\u00f1o del texto para aquellos usuarios que prefieran un tama\u00f1o m\u00e1s peque\u00f1o.<\/li>\n    <li><strong>Escala de grises:<\/strong> Permitir que los usuarios cambien el dise\u00f1o de color del sitio web a una escala de grises, lo cual puede facilitar la lectura para algunas personas con discapacidades visuales.<\/li>\n    <li><strong>Alto contraste:<\/strong> Proporcionar una opci\u00f3n para aumentar el contraste entre el texto y el fondo, lo cual mejora la legibilidad para personas con dificultades visuales.<\/li>\n    <li><strong>Contraste negativo:<\/strong> Permitir que los usuarios cambien los colores de fondo y texto a inversos, es decir, texto claro sobre fondo oscuro, lo cual puede ser \u00fatil para personas con sensibilidad a la luz o visi\u00f3n reducida.<\/li>\n    <li><strong>Fondo claro:<\/strong> Proporcionar una opci\u00f3n para cambiar el color de fondo a uno claro, lo cual puede ser preferible para algunos usuarios con dificultades visuales.<\/li>\n    <li><strong>Subrayar enlaces:<\/strong> Subrayar los enlaces para que sean m\u00e1s f\u00e1cilmente distinguibles del texto normal, ayudando a usuarios con discapacidades visuales o dificultades de percepci\u00f3n.<\/li>\n    <li><strong>Fuente legible:<\/strong> Utilizar fuentes claras y legibles, preferiblemente con un tama\u00f1o adecuado, para facilitar la lectura de todo el contenido.<\/li>\n<\/ul>\t\t\t\t\t\t\t\t<\/div>\n\t\t\t\t\t<\/div>\n\t\t\t\t<\/div>\n\t\t\t\t<\/div>\n\t\t","protected":false},"excerpt":{"rendered":"<p>Declaraci\u00f3n de Accesibilidad BlueBox se compromete en hacer accesible su sitio web de conformidad con el Real Decreto 1112\/2018, sobre accesibilidad de los sitios webs y aplicaciones para dispositivos m\u00f3viles del sector p\u00fablico. La presente declaraci\u00f3n de accesibilidad se aplica al sitio web de BlueBox. Situaci\u00f3n de cumplimiento Este sitio web es parcialmente conforme con [&hellip;]<\/p>\n","protected":false},"author":1,"featured_media":0,"parent":0,"menu_order":0,"comment_status":"closed","ping_status":"closed","template":"","meta":{"footnotes":""},"class_list":["post-634","page","type-page","status-publish","hentry"],"_links":{"self":[{"href":"https:\/\/blueboxnew.endesarrolloweb.com\/index.php?rest_route=\/wp\/v2\/pages\/634","targetHints":{"allow":["GET"]}}],"collection":[{"href":"https:\/\/blueboxnew.endesarrolloweb.com\/index.php?rest_route=\/wp\/v2\/pages"}],"about":[{"href":"https:\/\/blueboxnew.endesarrolloweb.com\/index.php?rest_route=\/wp\/v2\/types\/page"}],"author":[{"embeddable":true,"href":"https:\/\/blueboxnew.endesarrolloweb.com\/index.php?rest_route=\/wp\/v2\/users\/1"}],"replies":[{"embeddable":true,"href":"https:\/\/blueboxnew.endesarrolloweb.com\/index.php?rest_route=%2Fwp%2Fv2%2Fcomments&post=634"}],"version-history":[{"count":4,"href":"https:\/\/blueboxnew.endesarrolloweb.com\/index.php?rest_route=\/wp\/v2\/pages\/634\/revisions"}],"predecessor-version":[{"id":638,"href":"https:\/\/blueboxnew.endesarrolloweb.com\/index.php?rest_route=\/wp\/v2\/pages\/634\/revisions\/638"}],"wp:attachment":[{"href":"https:\/\/blueboxnew.endesarrolloweb.com\/index.php?rest_route=%2Fwp%2Fv2%2Fmedia&parent=634"}],"curies":[{"name":"wp","href":"https:\/\/api.w.org\/{rel}","templated":true}]}}